{"id":19838,"date":"2022-04-15T10:24:20","date_gmt":"2022-04-15T10:24:20","guid":{"rendered":"https:\/\/thesocialfew.com\/interna-insikter\/"},"modified":"2023-05-26T11:14:53","modified_gmt":"2023-05-26T11:14:53","slug":"perspektivdata","status":"publish","type":"page","link":"https:\/\/thesocialfew.com\/sv\/perspektivdata\/","title":{"rendered":"Interna insikter"},"content":{"rendered":"\t\t<div data-elementor-type=\"wp-page\" data-elementor-id=\"19838\" class=\"elementor elementor-19838\" data-elementor-post-type=\"page\">\n\t\t\t\t\t\t<section class=\"elementor-section elementor-top-section elementor-element elementor-element-4f325588 elementor-section-boxed elementor-section-height-default elementor-section-height-default\" data-id=\"4f325588\" data-element_type=\"section\">\n\t\t\t\t\t\t<div class=\"elementor-container elementor-column-gap-default\">\n\t\t\t\t\t<div class=\"elementor-column elementor-col-50 elementor-top-column elementor-element elementor-element-10c110f0\" data-id=\"10c110f0\" data-element_type=\"column\">\n\t\t\t<div class=\"elementor-widget-wrap elementor-element-populated\">\n\t\t\t\t\t\t<div class=\"elementor-element elementor-element-27a430 elementor-widget elementor-widget-heading\" data-id=\"27a430\" data-element_type=\"widget\" data-widget_type=\"heading.default\">\n\t\t\t\t<div class=\"elementor-widget-container\">\n\t\t\t\t\t<h2 class=\"elementor-heading-title elementor-size-default\">Interna insikter<\/h2>\t\t\t\t<\/div>\n\t\t\t\t<\/div>\n\t\t\t\t<div class=\"elementor-element elementor-element-4c9e1b3e elementor-widget elementor-widget-text-editor\" data-id=\"4c9e1b3e\" data-element_type=\"widget\" data-widget_type=\"text-editor.default\">\n\t\t\t\t<div class=\"elementor-widget-container\">\n\t\t\t\t\t\t\t\t\t<p>V\u00e5r erfarenhet visar att nyckelinsikter leder till mer kostnadseffektiv utveckling och uttag. D\u00e4rf\u00f6r hj\u00e4lper vi er m\u00e4ta de interna perspektiv ni har, de ni saknar och beh\u00f6ver f\u00f6r att kunna skapa b\u00e4sta m\u00f6jliga tj\u00e4nster, produkter, kommunikation och information.<\/p>\n<p>V\u00e5ra unders\u00f6kningar visar ocks\u00e5 att h\u00f6g perspektivt\u00e4thet i kombination med inkluderande ledarskap leder till tio g\u00e5nger h\u00f6gre innovationstakt.<\/p>\t\t\t\t\t\t\t\t<\/div>\n\t\t\t\t<\/div>\n\t\t\t\t\t<\/div>\n\t\t<\/div>\n\t\t\t\t<div class=\"elementor-column elementor-col-50 elementor-top-column elementor-element elementor-element-bafdb55\" data-id=\"bafdb55\" data-element_type=\"column\">\n\t\t\t<div class=\"elementor-widget-wrap elementor-element-populated\">\n\t\t\t\t\t\t<div class=\"elementor-element elementor-element-5ce64084 elementor-widget elementor-widget-image\" data-id=\"5ce64084\" data-element_type=\"widget\" data-widget_type=\"image.default\">\n\t\t\t\t<div class=\"elementor-widget-container\">\n\t\t\t\t\t\t\t\t\t\t\t\t\t\t\t<img fetchpriority=\"high\" decoding=\"async\" width=\"768\" height=\"768\" src=\"https:\/\/thesocialfew.com\/wp-content\/uploads\/2022\/04\/6-768x768.png\" class=\"attachment-medium_large size-medium_large wp-image-19839\" alt=\"\" srcset=\"https:\/\/thesocialfew.com\/wp-content\/uploads\/2022\/04\/6-768x768.png 768w, https:\/\/thesocialfew.com\/wp-content\/uploads\/2022\/04\/6-300x300.png 300w, https:\/\/thesocialfew.com\/wp-content\/uploads\/2022\/04\/6-1024x1024.png 1024w, https:\/\/thesocialfew.com\/wp-content\/uploads\/2022\/04\/6-150x150.png 150w, https:\/\/thesocialfew.com\/wp-content\/uploads\/2022\/04\/6-1536x1536.png 1536w, https:\/\/thesocialfew.com\/wp-content\/uploads\/2022\/04\/6-2048x2048.png 2048w\" sizes=\"(max-width: 768px) 100vw, 768px\" \/>\t\t\t\t\t\t\t\t\t\t\t\t\t\t\t<\/div>\n\t\t\t\t<\/div>\n\t\t\t\t\t<\/div>\n\t\t<\/div>\n\t\t\t\t\t<\/div>\n\t\t<\/section>\n\t\t\t\t<section class=\"elementor-section elementor-top-section elementor-element elementor-element-5a4e0ce3 elementor-reverse-mobile elementor-section-boxed elementor-section-height-default elementor-section-height-default\" data-id=\"5a4e0ce3\" data-element_type=\"section\">\n\t\t\t\t\t\t<div class=\"elementor-container elementor-column-gap-default\">\n\t\t\t\t\t<div class=\"elementor-column elementor-col-50 elementor-top-column elementor-element elementor-element-70718095\" data-id=\"70718095\" data-element_type=\"column\">\n\t\t\t<div class=\"elementor-widget-wrap elementor-element-populated\">\n\t\t\t\t\t\t<div class=\"elementor-element elementor-element-673edc4 elementor-widget elementor-widget-image\" data-id=\"673edc4\" data-element_type=\"widget\" data-widget_type=\"image.default\">\n\t\t\t\t<div class=\"elementor-widget-container\">\n\t\t\t\t\t\t\t\t\t\t\t\t\t\t\t<img decoding=\"async\" width=\"768\" height=\"768\" src=\"https:\/\/thesocialfew.com\/wp-content\/uploads\/2022\/04\/Inkluderande-ledarskap_TSF-768x768.png\" class=\"attachment-medium_large size-medium_large wp-image-19797\" alt=\"\" srcset=\"https:\/\/thesocialfew.com\/wp-content\/uploads\/2022\/04\/Inkluderande-ledarskap_TSF-768x768.png 768w, https:\/\/thesocialfew.com\/wp-content\/uploads\/2022\/04\/Inkluderande-ledarskap_TSF-300x300.png 300w, https:\/\/thesocialfew.com\/wp-content\/uploads\/2022\/04\/Inkluderande-ledarskap_TSF-1024x1024.png 1024w, https:\/\/thesocialfew.com\/wp-content\/uploads\/2022\/04\/Inkluderande-ledarskap_TSF-150x150.png 150w, https:\/\/thesocialfew.com\/wp-content\/uploads\/2022\/04\/Inkluderande-ledarskap_TSF-1536x1536.png 1536w, https:\/\/thesocialfew.com\/wp-content\/uploads\/2022\/04\/Inkluderande-ledarskap_TSF.png 1654w\" sizes=\"(max-width: 768px) 100vw, 768px\" \/>\t\t\t\t\t\t\t\t\t\t\t\t\t\t\t<\/div>\n\t\t\t\t<\/div>\n\t\t\t\t\t<\/div>\n\t\t<\/div>\n\t\t\t\t<div class=\"elementor-column elementor-col-50 elementor-top-column elementor-element elementor-element-77040fa0\" data-id=\"77040fa0\" data-element_type=\"column\">\n\t\t\t<div class=\"elementor-widget-wrap elementor-element-populated\">\n\t\t\t\t\t\t<div class=\"elementor-element elementor-element-3a961324 elementor-widget elementor-widget-heading\" data-id=\"3a961324\" data-element_type=\"widget\" data-widget_type=\"heading.default\">\n\t\t\t\t<div class=\"elementor-widget-container\">\n\t\t\t\t\t<h2 class=\"elementor-heading-title elementor-size-default\">Perspektivdata<\/h2>\t\t\t\t<\/div>\n\t\t\t\t<\/div>\n\t\t\t\t<div class=\"elementor-element elementor-element-3601df01 elementor-widget elementor-widget-text-editor\" data-id=\"3601df01\" data-element_type=\"widget\" data-widget_type=\"text-editor.default\">\n\t\t\t\t<div class=\"elementor-widget-container\">\n\t\t\t\t\t\t\t\t\t<div class=\"fl-module fl-module-vamtam-heading fl-node-5f5551db9fb89\" data-node=\"5f5551db9fb89\"><div class=\"fl-module-content fl-node-content\"><p>The Social Few m\u00e4ter perspektivdata med syftet att framtidss\u00e4kra organisationer, optimera rekryteringsprocesser, h\u00f6ja innovationstakten och s\u00e4kra en h\u00e5llbar tillv\u00e4xt &#8211; inte minst under kristider.<\/p><p><strong>Framtidss\u00e4kra er<\/strong><\/p><p>Vi optimerar team, avdelningar och\/eller hela organisationer f\u00f6r att sedan hitta h\u00e5llbara inkluderingsl\u00f6sningar som l\u00f6ser de reella utmaningar ni har. P\u00e5 s\u00e5 s\u00e4tt kan ni budgetera f\u00f6r s\u00e5dant som g\u00f6r verklig och m\u00e4tbar skillnad f\u00f6r era medarbetare och f\u00f6r er som organisation.<\/p><p><strong>Optimera era rekryteringsprocesser<\/strong><\/p><p>Vi identifierar potentiella symptom i rekryteringsprocesser f\u00f6r att sedan kartl\u00e4gga vilka perspektiv som l\u00e4cker i rekryteringen av nya talanger samt varf\u00f6r. Vi ger d\u00e4refter rekommendation p\u00e5 l\u00f6sningar.<\/p><\/div><\/div>\t\t\t\t\t\t\t\t<\/div>\n\t\t\t\t<\/div>\n\t\t\t\t\t<\/div>\n\t\t<\/div>\n\t\t\t\t\t<\/div>\n\t\t<\/section>\n\t\t\t\t<section class=\"elementor-section elementor-top-section elementor-element elementor-element-5e35f74f elementor-section-boxed elementor-section-height-default elementor-section-height-default\" data-id=\"5e35f74f\" data-element_type=\"section\">\n\t\t\t\t\t\t<div class=\"elementor-container elementor-column-gap-default\">\n\t\t\t\t\t<div class=\"elementor-column elementor-col-50 elementor-top-column elementor-element elementor-element-35af9ab0\" data-id=\"35af9ab0\" data-element_type=\"column\">\n\t\t\t<div class=\"elementor-widget-wrap elementor-element-populated\">\n\t\t\t\t\t\t<div class=\"elementor-element elementor-element-15f5f505 elementor-widget elementor-widget-heading\" data-id=\"15f5f505\" data-element_type=\"widget\" data-widget_type=\"heading.default\">\n\t\t\t\t<div class=\"elementor-widget-container\">\n\t\t\t\t\t<h2 class=\"elementor-heading-title elementor-size-default\">Vi kan hj\u00e4lpa er med att:<\/h2>\t\t\t\t<\/div>\n\t\t\t\t<\/div>\n\t\t\t\t<div class=\"elementor-element elementor-element-1a8c88a5 elementor-widget elementor-widget-text-editor\" data-id=\"1a8c88a5\" data-element_type=\"widget\" data-widget_type=\"text-editor.default\">\n\t\t\t\t<div class=\"elementor-widget-container\">\n\t\t\t\t\t\t\t\t\t<ul>\n<li>Ta reda p\u00e5 vilka perspektiv ni har, saknar och beh\u00f6ver i alla delar av organisationen. Detta med syftet att identifiera potentiella f\u00f6rb\u00e4ttringsomr\u00e5den innan ni s\u00e4tter budget f\u00f6r m\u00e5ngfalds- och inkluderingsarbetet.<\/li>\n<li>Kvalitetss\u00e4kra era rekryteringsprocesser genom att ta reda p\u00e5 vilka perspektiv ni attraherar, vilka perspektiv som kommer med i olika delar av rekryteringsprocessen samt vilka som blir erbjuden jobb samt tackar ja till tj\u00e4nsten.<\/li>\n<li>Identifiera potentiellt perspektiv-l\u00e4ckage: Vilka perspektiv organisationen f\u00f6rlorar i st\u00f6rre utstr\u00e4ckning \u00e4n andra. P\u00e5 s\u00e5 s\u00e4tt identifierar vi var ni b\u00f6r rikta era inkluderingsinsatser. Detta \u00e4r b\u00e4st att g\u00f6ra inf\u00f6r budgeteringsarbete.<\/li>\n<li>Implementera hela eller delar av inkluderande infrastrukturer, baserat p\u00e5 behovsanalysen via perspektivdata. Syftet med implementering av den inkluderande infrastrukturen \u00e4r att skapa r\u00e4tt f\u00f6ruts\u00e4ttningar f\u00f6r h\u00e5llbar tillv\u00e4xt.<\/li>\n<\/ul>\t\t\t\t\t\t\t\t<\/div>\n\t\t\t\t<\/div>\n\t\t\t\t\t<\/div>\n\t\t<\/div>\n\t\t\t\t<div class=\"elementor-column elementor-col-50 elementor-top-column elementor-element elementor-element-4a3fd0a5\" data-id=\"4a3fd0a5\" data-element_type=\"column\">\n\t\t\t<div class=\"elementor-widget-wrap elementor-element-populated\">\n\t\t\t\t\t\t<div class=\"elementor-element elementor-element-2e5757e5 elementor-widget elementor-widget-image\" data-id=\"2e5757e5\" data-element_type=\"widget\" data-widget_type=\"image.default\">\n\t\t\t\t<div class=\"elementor-widget-container\">\n\t\t\t\t\t\t\t\t\t\t\t\t\t\t\t<img decoding=\"async\" width=\"768\" height=\"768\" src=\"https:\/\/thesocialfew.com\/wp-content\/uploads\/2022\/04\/4-768x768.png\" class=\"attachment-medium_large size-medium_large wp-image-19841\" alt=\"\" srcset=\"https:\/\/thesocialfew.com\/wp-content\/uploads\/2022\/04\/4-768x768.png 768w, https:\/\/thesocialfew.com\/wp-content\/uploads\/2022\/04\/4-300x300.png 300w, https:\/\/thesocialfew.com\/wp-content\/uploads\/2022\/04\/4-1024x1024.png 1024w, https:\/\/thesocialfew.com\/wp-content\/uploads\/2022\/04\/4-150x150.png 150w, https:\/\/thesocialfew.com\/wp-content\/uploads\/2022\/04\/4-1536x1536.png 1536w, https:\/\/thesocialfew.com\/wp-content\/uploads\/2022\/04\/4-2048x2048.png 2048w\" sizes=\"(max-width: 768px) 100vw, 768px\" \/>\t\t\t\t\t\t\t\t\t\t\t\t\t\t\t<\/div>\n\t\t\t\t<\/div>\n\t\t\t\t\t<\/div>\n\t\t<\/div>\n\t\t\t\t\t<\/div>\n\t\t<\/section>\n\t\t\t\t<section class=\"elementor-section elementor-top-section elementor-element elementor-element-79a2f251 elementor-section-boxed elementor-section-height-default elementor-section-height-default\" data-id=\"79a2f251\" data-element_type=\"section\">\n\t\t\t\t\t\t<div class=\"elementor-container elementor-column-gap-default\">\n\t\t\t\t\t<div class=\"elementor-column elementor-col-100 elementor-top-column elementor-element elementor-element-3f085457\" data-id=\"3f085457\" data-element_type=\"column\">\n\t\t\t<div class=\"elementor-widget-wrap elementor-element-populated\">\n\t\t\t\t\t\t<div class=\"elementor-element elementor-element-26395ac5 elementor-widget elementor-widget-heading\" data-id=\"26395ac5\" data-element_type=\"widget\" data-widget_type=\"heading.default\">\n\t\t\t\t<div class=\"elementor-widget-container\">\n\t\t\t\t\t<h2 class=\"elementor-heading-title elementor-size-default\">Kontakta oss<\/h2>\t\t\t\t<\/div>\n\t\t\t\t<\/div>\n\t\t\t\t<div class=\"elementor-element elementor-element-47d70838 elementor-widget elementor-widget-shortcode\" data-id=\"47d70838\" data-element_type=\"widget\" data-widget_type=\"shortcode.default\">\n\t\t\t\t<div class=\"elementor-widget-container\">\n\t\t\t\t\t\t\t<div class=\"elementor-shortcode\"><div class=\"wpforms-container wpforms-container-full\" id=\"wpforms-20160\"><form id=\"wpforms-form-20160\" class=\"wpforms-validate wpforms-form wpforms-ajax-form\" data-formid=\"20160\" method=\"post\" enctype=\"multipart\/form-data\" action=\"\/sv\/wp-json\/wp\/v2\/pages\/19838\" data-token=\"7722c8c105c19111d5412db80644e2dc\" data-token-time=\"1778056917\"><noscript class=\"wpforms-error-noscript\">Aktivera JavaScript i din webbl\u00e4sare f\u00f6r att slutf\u00f6ra detta formul\u00e4r.<\/noscript><div class=\"wpforms-field-container\"><div id=\"wpforms-20160-field_2-container\" class=\"wpforms-field wpforms-field-name\" data-field-id=\"2\"><label class=\"wpforms-field-label\" for=\"wpforms-20160-field_2\">Ditt namn <span class=\"wpforms-required-label\">*<\/span><\/label><input type=\"text\" id=\"wpforms-20160-field_2\" class=\"wpforms-field-medium wpforms-field-required\" name=\"wpforms[fields][2]\" required><\/div><div id=\"wpforms-20160-field_4-container\" class=\"wpforms-field wpforms-field-email\" data-field-id=\"4\"><label class=\"wpforms-field-label\" for=\"wpforms-20160-field_4\">Din e-postadress <span class=\"wpforms-required-label\">*<\/span><\/label><input type=\"email\" id=\"wpforms-20160-field_4\" class=\"wpforms-field-medium wpforms-field-required\" name=\"wpforms[fields][4]\" spellcheck=\"false\" required><\/div><div id=\"wpforms-20160-field_6-container\" class=\"wpforms-field wpforms-field-textarea\" data-field-id=\"6\"><label class=\"wpforms-field-label\" for=\"wpforms-20160-field_6\">Hur kan vi hj\u00e4lpa dig? <span class=\"wpforms-required-label\">*<\/span><\/label><textarea id=\"wpforms-20160-field_6\" class=\"wpforms-field-medium wpforms-field-required\" name=\"wpforms[fields][6]\" required><\/textarea><\/div><\/div><!-- .wpforms-field-container --><div class=\"wpforms-recaptcha-container wpforms-is-recaptcha wpforms-is-recaptcha-type-invisible\" ><div class=\"g-recaptcha\" data-sitekey=\"6LcXKtkhAAAAAA5VO3vPeyfrNBnyrOe-Lr8W8-zk\" data-size=\"invisible\"><\/div><\/div><div class=\"wpforms-submit-container\" ><input type=\"hidden\" name=\"wpforms[id]\" value=\"20160\"><input type=\"hidden\" name=\"page_title\" value=\"\"><input type=\"hidden\" name=\"page_url\" value=\"https:\/\/thesocialfew.com\/sv\/wp-json\/wp\/v2\/pages\/19838\"><input type=\"hidden\" name=\"url_referer\" value=\"\"><button type=\"submit\" name=\"wpforms[submit]\" id=\"wpforms-submit-20160\" class=\"wpforms-submit\" data-alt-text=\"Skickar...\" data-submit-text=\"Skicka\" aria-live=\"assertive\" value=\"wpforms-submit\">Skicka<\/button><img loading=\"lazy\" decoding=\"async\" src=\"https:\/\/thesocialfew.com\/wp-content\/plugins\/wpforms\/assets\/images\/submit-spin.svg\" class=\"wpforms-submit-spinner\" style=\"display: none;\" width=\"26\" height=\"26\" alt=\"Laddar\"><\/div><\/form><\/div>  <!-- .wpforms-container --><\/div>\n\t\t\t\t\t\t<\/div>\n\t\t\t\t<\/div>\n\t\t\t\t\t<\/div>\n\t\t<\/div>\n\t\t\t\t\t<\/div>\n\t\t<\/section>\n\t\t\t\t<\/div>\n\t\t","protected":false},"excerpt":{"rendered":"<p>Interna insikter V\u00e5r erfarenhet visar att nyckelinsikter leder till mer kostnadseffektiv utveckling och uttag. D\u00e4rf\u00f6r hj\u00e4lper vi er m\u00e4ta de interna perspektiv ni har, de ni saknar och beh\u00f6ver f\u00f6r att kunna skapa b\u00e4sta m\u00f6jliga tj\u00e4nster, produkter, kommunikation och information. V\u00e5ra unders\u00f6kningar visar ocks\u00e5 att h\u00f6g perspektivt\u00e4thet i kombination med inkluderande ledarskap leder till tio [&hellip;]<\/p>\n","protected":false},"author":14,"featured_media":0,"parent":0,"menu_order":0,"comment_status":"closed","ping_status":"closed","template":"","meta":{"inline_featured_image":false,"footnotes":""},"class_list":["post-19838","page","type-page","status-publish","hentry"],"_links":{"self":[{"href":"https:\/\/thesocialfew.com\/sv\/wp-json\/wp\/v2\/pages\/19838","targetHints":{"allow":["GET"]}}],"collection":[{"href":"https:\/\/thesocialfew.com\/sv\/wp-json\/wp\/v2\/pages"}],"about":[{"href":"https:\/\/thesocialfew.com\/sv\/wp-json\/wp\/v2\/types\/page"}],"author":[{"embeddable":true,"href":"https:\/\/thesocialfew.com\/sv\/wp-json\/wp\/v2\/users\/14"}],"replies":[{"embeddable":true,"href":"https:\/\/thesocialfew.com\/sv\/wp-json\/wp\/v2\/comments?post=19838"}],"version-history":[{"count":0,"href":"https:\/\/thesocialfew.com\/sv\/wp-json\/wp\/v2\/pages\/19838\/revisions"}],"wp:attachment":[{"href":"https:\/\/thesocialfew.com\/sv\/wp-json\/wp\/v2\/media?parent=19838"}],"curies":[{"name":"wp","href":"https:\/\/api.w.org\/{rel}","templated":true}]}}